{"id":61,"date":"2025-08-19T15:41:54","date_gmt":"2025-08-19T15:41:54","guid":{"rendered":"http:\/\/odyssart.org\/?page_id=61"},"modified":"2025-09-22T10:54:28","modified_gmt":"2025-09-22T08:54:28","slug":"actualites","status":"publish","type":"page","link":"https:\/\/odyssart.org\/en\/actualites\/","title":{"rendered":"News"},"content":{"rendered":"<div class=\"wp-block-uagb-post-grid uagb-post-grid  uagb-post__image-position-top uagb-post__image-enabled uagb-block-18b99a85     uagb-post__items uagb-post__columns-3 is-grid uagb-post__columns-tablet-2 uagb-post__columns-mobile-1 uagb-post__equal-height\" data-total=\"2\" style=\"\">\n\n\t\t\t\t\t\t\t\t\t\t\t\t<article class=\"uagb-post__inner-wrap\">\t\t\t\t\t\t\t\t<div class='uagb-post__image'>\n\t\t\t\t\t\t\t\t\t<a href=\"https:\/\/odyssart.org\/en\/decouvrez-les-12-laureats-odyssart-2026\/\" target=\"_self\" rel=\"bookmark noopener noreferrer\" class='uagb-image-ratio-inherit'><img loading=\"lazy\" decoding=\"async\" width=\"850\" height=\"479\" src=\"https:\/\/odyssart.org\/wp-content\/uploads\/2025\/12\/Logo-Odyssart-2026.png\" class=\"attachment-large size-large\" alt=\"Logo Odyssart 2026\" srcset=\"https:\/\/odyssart.org\/wp-content\/uploads\/2025\/12\/Logo-Odyssart-2026.png 850w, https:\/\/odyssart.org\/wp-content\/uploads\/2025\/12\/Logo-Odyssart-2026-300x169.png 300w, https:\/\/odyssart.org\/wp-content\/uploads\/2025\/12\/Logo-Odyssart-2026-768x433.png 768w, https:\/\/odyssart.org\/wp-content\/uploads\/2025\/12\/Logo-Odyssart-2026-18x10.png 18w\" sizes=\"auto, (max-width: 850px) 100vw, 850px\" \/>\t\t\t\t\t<\/a>\n\t\t\t\t\t\t\t<\/div>\n\t\t\t\t\t\t<h4 class=\"uagb-post__title uagb-post__text\">\n\t\t\t\t<a href=\"https:\/\/odyssart.org\/en\/decouvrez-les-12-laureats-odyssart-2026\/\" target=\"_self\" rel=\"bookmark noopener noreferrer\">D\u00e9couvrez les 12 laur\u00e9ats Odyssart 2026<\/a>\n\t\t\t<\/h4>\n\t\t\t\t\t\t<div class='uagb-post__text uagb-post-grid-byline'>\n\t\t\t\t\t\t\t\t<time datetime=\"2025-12-16T10:14:37+01:00\" class=\"uagb-post__date\">\n\t\t\t\t<span class=\"dashicons-calendar dashicons\"><\/span>\t\t\t\t\t16\/12\/2025\t\t\t\t<\/time>\n\t\t\t\t\t\t\t<span class=\"uagb-post__comment\">\n\t\t\t\t<span class=\"dashicons-admin-comments dashicons\"><\/span>\t\t\t\t\tNo Comments\t\t\t\t<\/span>\n\t\t\t\t\t\t<\/div>\n\t\t\t\t\t\t\t<div class='uagb-post__text uagb-post__excerpt'>\n\t\t\t\t\tD\u00e9couvrez les 12 laur\u00e9ats Odyssart 2026\t\t\t\t<\/div>\n\t\t\t\t\t\t<div class=\"uagb-post__text uagb-post__cta wp-block-button\">\n\t\t\t\t<a class=\"wp-block-button__link uagb-text-link\" style=\"\" href=\"https:\/\/odyssart.org\/en\/decouvrez-les-12-laureats-odyssart-2026\/\" target=\"_self\" rel=\"bookmark noopener noreferrer\">Read More<\/a>\n\t\t\t<\/div>\n\t\t\t\n\t\t\t\t\t\t\t\t\t<\/article>\n\t\t\t\t\t\t\t\t\t\t\t\t\t\t\t\t<article class=\"uagb-post__inner-wrap\">\t\t\t\t\t\t\t\t<div class='uagb-post__image'>\n\t\t\t\t\t\t\t\t\t<a href=\"https:\/\/odyssart.org\/en\/le-webinaire-dinformation-odyssart-2026-est-disponible-en-rediffusion\/\" target=\"_self\" rel=\"bookmark noopener noreferrer\" class='uagb-image-ratio-inherit'><img loading=\"lazy\" decoding=\"async\" width=\"1024\" height=\"576\" src=\"https:\/\/odyssart.org\/wp-content\/uploads\/2025\/09\/Webinaire-Odyssart-2026-1024x576.jpg\" class=\"attachment-large size-large\" alt=\"Webinaire Odyssart 2026\" srcset=\"https:\/\/odyssart.org\/wp-content\/uploads\/2025\/09\/Webinaire-Odyssart-2026-1024x576.jpg 1024w, https:\/\/odyssart.org\/wp-content\/uploads\/2025\/09\/Webinaire-Odyssart-2026-300x169.jpg 300w, https:\/\/odyssart.org\/wp-content\/uploads\/2025\/09\/Webinaire-Odyssart-2026-768x432.jpg 768w, https:\/\/odyssart.org\/wp-content\/uploads\/2025\/09\/Webinaire-Odyssart-2026-1536x864.jpg 1536w, https:\/\/odyssart.org\/wp-content\/uploads\/2025\/09\/Webinaire-Odyssart-2026-18x10.jpg 18w, https:\/\/odyssart.org\/wp-content\/uploads\/2025\/09\/Webinaire-Odyssart-2026.jpg 1600w\" sizes=\"auto, (max-width: 1024px) 100vw, 1024px\" \/>\t\t\t\t\t<\/a>\n\t\t\t\t\t\t\t<\/div>\n\t\t\t\t\t\t<h4 class=\"uagb-post__title uagb-post__text\">\n\t\t\t\t<a href=\"https:\/\/odyssart.org\/en\/le-webinaire-dinformation-odyssart-2026-est-disponible-en-rediffusion\/\" target=\"_self\" rel=\"bookmark noopener noreferrer\">Le webinaire d&rsquo;information Odyssart 2026 est disponible en rediffusion<\/a>\n\t\t\t<\/h4>\n\t\t\t\t\t\t<div class='uagb-post__text uagb-post-grid-byline'>\n\t\t\t\t\t\t\t\t<time datetime=\"2025-10-02T16:32:21+02:00\" class=\"uagb-post__date\">\n\t\t\t\t<span class=\"dashicons-calendar dashicons\"><\/span>\t\t\t\t\t02\/10\/2025\t\t\t\t<\/time>\n\t\t\t\t\t\t\t<span class=\"uagb-post__comment\">\n\t\t\t\t<span class=\"dashicons-admin-comments dashicons\"><\/span>\t\t\t\t\tNo Comments\t\t\t\t<\/span>\n\t\t\t\t\t\t<\/div>\n\t\t\t\t\t\t\t<div class='uagb-post__text uagb-post__excerpt'>\n\t\t\t\t\tLe webinaire d&rsquo;information Odyssart est disponible en rediffusion.\t\t\t\t<\/div>\n\t\t\t\t\t\t<div class=\"uagb-post__text uagb-post__cta wp-block-button\">\n\t\t\t\t<a class=\"wp-block-button__link uagb-text-link\" style=\"\" href=\"https:\/\/odyssart.org\/en\/le-webinaire-dinformation-odyssart-2026-est-disponible-en-rediffusion\/\" target=\"_self\" rel=\"bookmark noopener noreferrer\">Read More<\/a>\n\t\t\t<\/div>\n\t\t\t\n\t\t\t\t\t\t\t\t\t<\/article>\n\t\t\t\t\t\t\t\t\t\t\t\t\t\t\t\t<article class=\"uagb-post__inner-wrap\">\t\t\t\t\t\t\t\t<div class='uagb-post__image'>\n\t\t\t\t\t\t\t\t\t<a href=\"https:\/\/odyssart.org\/en\/lancement-de-lappel-a-projets-culturels-odyssart-2026\/\" target=\"_self\" rel=\"bookmark noopener noreferrer\" class='uagb-image-ratio-inherit'><img loading=\"lazy\" decoding=\"async\" width=\"1024\" height=\"577\" src=\"https:\/\/odyssart.org\/wp-content\/uploads\/2025\/09\/Logo-Odyssart-2026.ai_-1024x577.png\" class=\"attachment-large size-large\" alt=\"Logo Odyssart 2026\" srcset=\"https:\/\/odyssart.org\/wp-content\/uploads\/2025\/09\/Logo-Odyssart-2026.ai_-1024x577.png 1024w, https:\/\/odyssart.org\/wp-content\/uploads\/2025\/09\/Logo-Odyssart-2026.ai_-300x169.png 300w, https:\/\/odyssart.org\/wp-content\/uploads\/2025\/09\/Logo-Odyssart-2026.ai_-768x433.png 768w, https:\/\/odyssart.org\/wp-content\/uploads\/2025\/09\/Logo-Odyssart-2026.ai_.png 2000w\" sizes=\"auto, (max-width: 1024px) 100vw, 1024px\" \/>\t\t\t\t\t<\/a>\n\t\t\t\t\t\t\t<\/div>\n\t\t\t\t\t\t<h4 class=\"uagb-post__title uagb-post__text\">\n\t\t\t\t<a href=\"https:\/\/odyssart.org\/en\/lancement-de-lappel-a-projets-culturels-odyssart-2026\/\" target=\"_self\" rel=\"bookmark noopener noreferrer\">Lancement de l\u2019appel \u00e0 projets culturels Odyssart 2026<\/a>\n\t\t\t<\/h4>\n\t\t\t\t\t\t<div class='uagb-post__text uagb-post-grid-byline'>\n\t\t\t\t\t\t\t\t<time datetime=\"2025-09-22T10:50:30+02:00\" class=\"uagb-post__date\">\n\t\t\t\t<span class=\"dashicons-calendar dashicons\"><\/span>\t\t\t\t\t22\/09\/2025\t\t\t\t<\/time>\n\t\t\t\t\t\t\t<span class=\"uagb-post__comment\">\n\t\t\t\t<span class=\"dashicons-admin-comments dashicons\"><\/span>\t\t\t\t\tNo Comments\t\t\t\t<\/span>\n\t\t\t\t\t\t<\/div>\n\t\t\t\t\t\t\t<div class='uagb-post__text uagb-post__excerpt'>\n\t\t\t\t\t<p>Depuis 2022, l\u2019appel \u00e0 projets Odyssart, initi\u00e9 par l\u2019Office franco-qu\u00e9b\u00e9cois pour la jeunesse (OFQJ) fait&#8230;\t\t\t\t<\/div>\n\t\t\t\t\t\t<div class=\"uagb-post__text uagb-post__cta wp-block-button\">\n\t\t\t\t<a class=\"wp-block-button__link uagb-text-link\" style=\"\" href=\"https:\/\/odyssart.org\/en\/lancement-de-lappel-a-projets-culturels-odyssart-2026\/\" target=\"_self\" rel=\"bookmark noopener noreferrer\">Read More<\/a>\n\t\t\t<\/div>\n\t\t\t\n\t\t\t\t\t\t\t\t\t<\/article>\n\t\t\t\t\t\t\t\t\t\t\t\t\t\t\t\t<article class=\"uagb-post__inner-wrap\">\t\t\t\t\t\t\t\t<div class='uagb-post__image'>\n\t\t\t\t\t\t\t\t\t<a href=\"https:\/\/odyssart.org\/en\/odyssart-2023-manitou-en-dome-360-la-reinvention-dun-spectacle-de-conte-et-darts-numeriques\/\" target=\"_self\" rel=\"bookmark noopener noreferrer\" class='uagb-image-ratio-inherit'><img loading=\"lazy\" decoding=\"async\" width=\"1024\" height=\"576\" src=\"https:\/\/odyssart.org\/wp-content\/uploads\/2025\/08\/manitou-2023-1024x576.jpeg\" class=\"attachment-large size-large\" alt=\"Manitou\" srcset=\"https:\/\/odyssart.org\/wp-content\/uploads\/2025\/08\/manitou-2023-1024x576.jpeg 1024w, https:\/\/odyssart.org\/wp-content\/uploads\/2025\/08\/manitou-2023-300x169.jpeg 300w, https:\/\/odyssart.org\/wp-content\/uploads\/2025\/08\/manitou-2023-768x432.jpeg 768w, https:\/\/odyssart.org\/wp-content\/uploads\/2025\/08\/manitou-2023-1536x864.jpeg 1536w, https:\/\/odyssart.org\/wp-content\/uploads\/2025\/08\/manitou-2023-2048x1152.jpeg 2048w, https:\/\/odyssart.org\/wp-content\/uploads\/2025\/08\/manitou-2023-18x10.jpeg 18w\" sizes=\"auto, (max-width: 1024px) 100vw, 1024px\" \/>\t\t\t\t\t<\/a>\n\t\t\t\t\t\t\t<\/div>\n\t\t\t\t\t\t<h4 class=\"uagb-post__title uagb-post__text\">\n\t\t\t\t<a href=\"https:\/\/odyssart.org\/en\/odyssart-2023-manitou-en-dome-360-la-reinvention-dun-spectacle-de-conte-et-darts-numeriques\/\" target=\"_self\" rel=\"bookmark noopener noreferrer\">Odyssart 2023 : MANITOU en d\u00f4me 360\u00b0, la r\u00e9invention d\u2019un spectacle de conte et d\u2019arts num\u00e9riques<\/a>\n\t\t\t<\/h4>\n\t\t\t\t\t\t<div class='uagb-post__text uagb-post-grid-byline'>\n\t\t\t\t\t\t\t\t<time datetime=\"2025-09-08T19:13:21+02:00\" class=\"uagb-post__date\">\n\t\t\t\t<span class=\"dashicons-calendar dashicons\"><\/span>\t\t\t\t\t08\/09\/2025\t\t\t\t<\/time>\n\t\t\t\t\t\t\t<span class=\"uagb-post__comment\">\n\t\t\t\t<span class=\"dashicons-admin-comments dashicons\"><\/span>\t\t\t\t\tNo Comments\t\t\t\t<\/span>\n\t\t\t\t\t\t<\/div>\n\t\t\t\t\t\t\t<div class='uagb-post__text uagb-post__excerpt'>\n\t\t\t\t\t<p>Laetitia Troussel-Luber (\u00e0 la plume et la voix), Jos\u00e9phine Hurtut (\u00e0 la musique) et Simon&#8230;\t\t\t\t<\/div>\n\t\t\t\t\t\t<div class=\"uagb-post__text uagb-post__cta wp-block-button\">\n\t\t\t\t<a class=\"wp-block-button__link uagb-text-link\" style=\"\" href=\"https:\/\/odyssart.org\/en\/odyssart-2023-manitou-en-dome-360-la-reinvention-dun-spectacle-de-conte-et-darts-numeriques\/\" target=\"_self\" rel=\"bookmark noopener noreferrer\">Read More<\/a>\n\t\t\t<\/div>\n\t\t\t\n\t\t\t\t\t\t\t\t\t<\/article>\n\t\t\t\t\t\t\t\t\t\t\t\t\t\t\t\t<article class=\"uagb-post__inner-wrap\">\t\t\t\t\t\t\t\t<div class='uagb-post__image'>\n\t\t\t\t\t\t\t\t\t<a href=\"https:\/\/odyssart.org\/en\/odyssart-2023-a-la-rencontre-des-meduses-un-projet-musical-choregraphique-et-technologique\/\" target=\"_self\" rel=\"bookmark noopener noreferrer\" class='uagb-image-ratio-inherit'><img loading=\"lazy\" decoding=\"async\" width=\"1024\" height=\"579\" src=\"https:\/\/odyssart.org\/wp-content\/uploads\/2025\/08\/sospeso-2023-1024x579.jpg\" class=\"attachment-large size-large\" alt=\"A la rencontre des m\u00e9duses\" srcset=\"https:\/\/odyssart.org\/wp-content\/uploads\/2025\/08\/sospeso-2023-1024x579.jpg 1024w, https:\/\/odyssart.org\/wp-content\/uploads\/2025\/08\/sospeso-2023-300x170.jpg 300w, https:\/\/odyssart.org\/wp-content\/uploads\/2025\/08\/sospeso-2023-768x434.jpg 768w, https:\/\/odyssart.org\/wp-content\/uploads\/2025\/08\/sospeso-2023-1536x869.jpg 1536w\" sizes=\"auto, (max-width: 1024px) 100vw, 1024px\" \/>\t\t\t\t\t<\/a>\n\t\t\t\t\t\t\t<\/div>\n\t\t\t\t\t\t<h4 class=\"uagb-post__title uagb-post__text\">\n\t\t\t\t<a href=\"https:\/\/odyssart.org\/en\/odyssart-2023-a-la-rencontre-des-meduses-un-projet-musical-choregraphique-et-technologique\/\" target=\"_self\" rel=\"bookmark noopener noreferrer\">Odyssart 2023 : \u00c0 la rencontre des M\u00c9DUSES, un projet musical, chor\u00e9graphique et technologique<\/a>\n\t\t\t<\/h4>\n\t\t\t\t\t\t<div class='uagb-post__text uagb-post-grid-byline'>\n\t\t\t\t\t\t\t\t<time datetime=\"2025-09-08T18:57:59+02:00\" class=\"uagb-post__date\">\n\t\t\t\t<span class=\"dashicons-calendar dashicons\"><\/span>\t\t\t\t\t08\/09\/2025\t\t\t\t<\/time>\n\t\t\t\t\t\t\t<span class=\"uagb-post__comment\">\n\t\t\t\t<span class=\"dashicons-admin-comments dashicons\"><\/span>\t\t\t\t\tNo Comments\t\t\t\t<\/span>\n\t\t\t\t\t\t<\/div>\n\t\t\t\t\t\t\t<div class='uagb-post__text uagb-post__excerpt'>\n\t\t\t\t\t<p>\u00c0 la rencontre des M\u00c9DUSES, un projet pr\u00e9sent\u00e9 par la Compagnie Sospeso et l\u2019association Infini&#8230;\t\t\t\t<\/div>\n\t\t\t\t\t\t<div class=\"uagb-post__text uagb-post__cta wp-block-button\">\n\t\t\t\t<a class=\"wp-block-button__link uagb-text-link\" style=\"\" href=\"https:\/\/odyssart.org\/en\/odyssart-2023-a-la-rencontre-des-meduses-un-projet-musical-choregraphique-et-technologique\/\" target=\"_self\" rel=\"bookmark noopener noreferrer\">Read More<\/a>\n\t\t\t<\/div>\n\t\t\t\n\t\t\t\t\t\t\t\t\t<\/article>\n\t\t\t\t\t\t\t\t\t\t\t\t\t\t\t\t<article class=\"uagb-post__inner-wrap\">\t\t\t\t\t\t\t\t<div class='uagb-post__image'>\n\t\t\t\t\t\t\t\t\t<a href=\"https:\/\/odyssart.org\/en\/odyssart-2024-vib-e-motion-quand-la-technologie-capte-lemotion-du-spectacle\/\" target=\"_self\" rel=\"bookmark noopener noreferrer\" class='uagb-image-ratio-inherit'><img loading=\"lazy\" decoding=\"async\" width=\"1024\" height=\"576\" src=\"https:\/\/odyssart.org\/wp-content\/uploads\/2025\/08\/Odyssart-Fheelconcept_3191-1024x576.jpg\" class=\"attachment-large size-large\" alt=\"Fheel Concept - VIB.E-MOTION 2024\" srcset=\"https:\/\/odyssart.org\/wp-content\/uploads\/2025\/08\/Odyssart-Fheelconcept_3191-1024x576.jpg 1024w, https:\/\/odyssart.org\/wp-content\/uploads\/2025\/08\/Odyssart-Fheelconcept_3191-300x169.jpg 300w, https:\/\/odyssart.org\/wp-content\/uploads\/2025\/08\/Odyssart-Fheelconcept_3191-768x432.jpg 768w, https:\/\/odyssart.org\/wp-content\/uploads\/2025\/08\/Odyssart-Fheelconcept_3191-1536x864.jpg 1536w, https:\/\/odyssart.org\/wp-content\/uploads\/2025\/08\/Odyssart-Fheelconcept_3191.jpg 2000w\" sizes=\"auto, (max-width: 1024px) 100vw, 1024px\" \/>\t\t\t\t\t<\/a>\n\t\t\t\t\t\t\t<\/div>\n\t\t\t\t\t\t<h4 class=\"uagb-post__title uagb-post__text\">\n\t\t\t\t<a href=\"https:\/\/odyssart.org\/en\/odyssart-2024-vib-e-motion-quand-la-technologie-capte-lemotion-du-spectacle\/\" target=\"_self\" rel=\"bookmark noopener noreferrer\">Odyssart 2024\u202f: VIB.E-MOTION : Quand la technologie capte l\u2019\u00e9motion du spectacle\u00a0<\/a>\n\t\t\t<\/h4>\n\t\t\t\t\t\t<div class='uagb-post__text uagb-post-grid-byline'>\n\t\t\t\t\t\t\t\t<time datetime=\"2025-01-31T10:07:29+01:00\" class=\"uagb-post__date\">\n\t\t\t\t<span class=\"dashicons-calendar dashicons\"><\/span>\t\t\t\t\t31\/01\/2025\t\t\t\t<\/time>\n\t\t\t\t\t\t\t<span class=\"uagb-post__comment\">\n\t\t\t\t<span class=\"dashicons-admin-comments dashicons\"><\/span>\t\t\t\t\tNo Comments\t\t\t\t<\/span>\n\t\t\t\t\t\t<\/div>\n\t\t\t\t\t\t\t<div class='uagb-post__text uagb-post__excerpt'>\n\t\t\t\t\t<p>Comment rendre visible l\u2019\u00e9motion collective ressentie par un public lors d\u2019un spectacle ? C\u2019est le&#8230;\t\t\t\t<\/div>\n\t\t\t\t\t\t<div class=\"uagb-post__text uagb-post__cta wp-block-button\">\n\t\t\t\t<a class=\"wp-block-button__link uagb-text-link\" style=\"\" href=\"https:\/\/odyssart.org\/en\/odyssart-2024-vib-e-motion-quand-la-technologie-capte-lemotion-du-spectacle\/\" target=\"_self\" rel=\"bookmark noopener noreferrer\">Read More<\/a>\n\t\t\t<\/div>\n\t\t\t\n\t\t\t\t\t\t\t\t\t<\/article>\n\t\t\t\t\t\t\t\t\t\t\t<\/div>","protected":false},"excerpt":{"rendered":"","protected":false},"author":1,"featured_media":679,"parent":0,"menu_order":0,"comment_status":"closed","ping_status":"closed","template":"","meta":{"_eb_attr":"","_uag_custom_page_level_css":"","advanced_seo_description":"","jetpack_seo_html_title":"","jetpack_seo_noindex":false,"_EventAllDay":false,"_EventTimezone":"","_EventStartDate":"","_EventEndDate":"","_EventStartDateUTC":"","_EventEndDateUTC":"","_EventShowMap":false,"_EventShowMapLink":false,"_EventURL":"","_EventCost":"","_EventCostDescription":"","_EventCurrencySymbol":"","_EventCurrencyCode":"","_EventCurrencyPosition":"","_EventDateTimeSeparator":"","_EventTimeRangeSeparator":"","_EventOrganizerID":[],"_EventVenueID":[],"_OrganizerEmail":"","_OrganizerPhone":"","_OrganizerWebsite":"","_VenueAddress":"","_VenueCity":"","_VenueCountry":"","_VenueProvince":"","_VenueState":"","_VenueZip":"","_VenuePhone":"","_VenueURL":"","_VenueStateProvince":"","_VenueLat":"","_VenueLng":"","_VenueShowMap":false,"_VenueShowMapLink":false,"footnotes":""},"class_list":["post-61","page","type-page","status-publish","has-post-thumbnail","hentry"],"uagb_featured_image_src":{"full":["https:\/\/odyssart.org\/wp-content\/uploads\/2025\/09\/Logo-Odyssart-2026.ai_.png",2000,1127,false],"thumbnail":["https:\/\/odyssart.org\/wp-content\/uploads\/2025\/09\/Logo-Odyssart-2026.ai_-150x150.png",150,150,true],"medium":["https:\/\/odyssart.org\/wp-content\/uploads\/2025\/09\/Logo-Odyssart-2026.ai_-300x169.png",300,169,true],"medium_large":["https:\/\/odyssart.org\/wp-content\/uploads\/2025\/09\/Logo-Odyssart-2026.ai_-768x433.png",768,433,true],"large":["https:\/\/odyssart.org\/wp-content\/uploads\/2025\/09\/Logo-Odyssart-2026.ai_-1024x577.png",1024,577,true],"1536x1536":["https:\/\/odyssart.org\/wp-content\/uploads\/2025\/09\/Logo-Odyssart-2026.ai_.png",1536,866,false],"2048x2048":["https:\/\/odyssart.org\/wp-content\/uploads\/2025\/09\/Logo-Odyssart-2026.ai_.png",2000,1127,false],"trp-custom-language-flag":["https:\/\/odyssart.org\/wp-content\/uploads\/2025\/09\/Logo-Odyssart-2026.ai_.png",18,10,false]},"uagb_author_info":{"display_name":"admin3046","author_link":"https:\/\/odyssart.org\/en\/author\/admin3046\/"},"uagb_comment_info":0,"uagb_excerpt":null,"jetpack_sharing_enabled":true,"jetpack-related-posts":[{"id":314,"url":"https:\/\/odyssart.org\/en\/alerte-mail-odyssart-validation\/","url_meta":{"origin":61,"position":0},"title":"Votre inscription \u00e0 l&rsquo;alerte mail Odyssart","author":"admin3046","date":"26\/08\/2025","format":false,"excerpt":"\u00c9tape 1 : merci de confirmer votre inscription Merci pour votre inscription \u00e0 l'alerte email Odyssart qui vous tiendra inform\u00e9 des actualit\u00e9s de l'appel \u00e0 projets. Un mail vient de vous \u00eatre envoy\u00e9. Merci de confirmer votre adresse email en cliquant sur le lien qui vous a \u00e9t\u00e9 envoy\u00e9. Cela\u2026","rel":"","context":"Similar post","block_context":{"text":"Similar post","link":""},"img":{"alt_text":"","src":"https:\/\/i0.wp.com\/odyssart.org\/wp-content\/uploads\/2025\/08\/relation-sylvestre-2024-1024x576.png?resize=350%2C200","width":350,"height":200,"srcset":"https:\/\/i0.wp.com\/odyssart.org\/wp-content\/uploads\/2025\/08\/relation-sylvestre-2024-1024x576.png?resize=350%2C200 1x, https:\/\/i0.wp.com\/odyssart.org\/wp-content\/uploads\/2025\/08\/relation-sylvestre-2024-1024x576.png?resize=525%2C300 1.5x, https:\/\/i0.wp.com\/odyssart.org\/wp-content\/uploads\/2025\/08\/relation-sylvestre-2024-1024x576.png?resize=700%2C400 2x"},"classes":[]}],"_links":{"self":[{"href":"https:\/\/odyssart.org\/en\/wp-json\/wp\/v2\/pages\/61","targetHints":{"allow":["GET"]}}],"collection":[{"href":"https:\/\/odyssart.org\/en\/wp-json\/wp\/v2\/pages"}],"about":[{"href":"https:\/\/odyssart.org\/en\/wp-json\/wp\/v2\/types\/page"}],"author":[{"embeddable":true,"href":"https:\/\/odyssart.org\/en\/wp-json\/wp\/v2\/users\/1"}],"replies":[{"embeddable":true,"href":"https:\/\/odyssart.org\/en\/wp-json\/wp\/v2\/comments?post=61"}],"version-history":[{"count":3,"href":"https:\/\/odyssart.org\/en\/wp-json\/wp\/v2\/pages\/61\/revisions"}],"predecessor-version":[{"id":136,"href":"https:\/\/odyssart.org\/en\/wp-json\/wp\/v2\/pages\/61\/revisions\/136"}],"wp:featuredmedia":[{"embeddable":true,"href":"https:\/\/odyssart.org\/en\/wp-json\/wp\/v2\/media\/679"}],"wp:attachment":[{"href":"https:\/\/odyssart.org\/en\/wp-json\/wp\/v2\/media?parent=61"}],"curies":[{"name":"wp","href":"https:\/\/api.w.org\/{rel}","templated":true}]}}